{"id":473,"date":"2020-05-01T02:49:16","date_gmt":"2020-05-01T06:49:16","guid":{"rendered":"http:\/\/lifeacademy.com.co\/?page_id=473"},"modified":"2020-05-01T02:49:17","modified_gmt":"2020-05-01T06:49:17","slug":"registro-estudiante","status":"publish","type":"page","link":"https:\/\/lifeacademy.com.co\/en\/registro-estudiante\/","title":{"rendered":"Student Registration"},"content":{"rendered":"<form method=\"post\" enctype=\"multipart\/form-data\" action=\"\">\n\t<input type=\"hidden\" id=\"_wpnonce\" name=\"_wpnonce\" value=\"206f4103cf\" \/><input type=\"hidden\" name=\"_wp_http_referer\" value=\"\/en\/wp-json\/wp\/v2\/pages\/473\" \/>    <input type=\"hidden\" value=\"tutor_register_student\" name=\"tutor_action\"\/>\n\n    \n    <div class=\"tutor-form-row\">\n        <div class=\"tutor-form-col-6\">\n            <div class=\"tutor-form-group\">\n                <label>\n\t\t\t\t\tNombre                <\/label>\n\n                <input type=\"text\" name=\"first_name\" value=\"\" placeholder=\"Nombre\">\n            <\/div>\n        <\/div>\n\n        <div class=\"tutor-form-col-6\">\n            <div class=\"tutor-form-group\">\n                <label>\n\t\t\t\t\tApellidos                <\/label>\n\n                <input type=\"text\" name=\"last_name\" value=\"\" placeholder=\"Apellidos\">\n            <\/div>\n        <\/div>\n\n    <\/div>\n\n    <div class=\"tutor-form-row\">\n        <div class=\"tutor-form-col-6\">\n            <div class=\"tutor-form-group\">\n                <label>\n\t\t\t\t    Nombre de usuario                <\/label>\n\n                <input type=\"text\" name=\"user_login\" class=\"tutor_user_name\" value=\"\" placeholder=\"Nombre de usuario\">\n            <\/div>\n        <\/div>\n\n        <div class=\"tutor-form-col-6\">\n            <div class=\"tutor-form-group\">\n                <label>\n\t\t\t\t\tCorreo electr\u00f3nico                <\/label>\n\n                <input type=\"text\" name=\"email\" value=\"\" placeholder=\"Correo electr\u00f3nico\">\n            <\/div>\n        <\/div>\n\n    <\/div>\n\n    <div class=\"tutor-form-row\">\n        <div class=\"tutor-form-col-6\">\n            <div class=\"tutor-form-group\">\n                <label>\n\t\t\t\t\tContrase\u00f1a                <\/label>\n\n                <input type=\"password\" name=\"password\" value=\"\" placeholder=\"Contrase\u00f1a\">\n            <\/div>\n        <\/div>\n\n        <div class=\"tutor-form-col-6\">\n            <div class=\"tutor-form-group\">\n                <label>\n\t\t\t\t\tConfirmaci\u00f3n de contrase\u00f1a                <\/label>\n\n                <input type=\"password\" name=\"password_confirmation\" value=\"\" placeholder=\"Confirmaci\u00f3n de contrase\u00f1a\">\n            <\/div>\n        <\/div>\n    <\/div>\n\n\n    <div class=\"tutor-form-row\">\n        <div class=\"tutor-form-col-12\">\n            <div class=\"tutor-form-group tutor-reg-form-btn-wrap\">\n                <button type=\"submit\" name=\"tutor_register_student_btn\" value=\"register\" class=\"tutor-button\">Registro<\/button>\n            <\/div>\n        <\/div>\n    <\/div>\n\n<input type=\"hidden\" name=\"trp-form-language\" value=\"en\"\/><\/form>","protected":false},"excerpt":{"rendered":"<p>Nombre Apellidos Nombre de usuario Correo electr\u00f3nico Contrase\u00f1a Confirmaci\u00f3n de contrase\u00f1a Registro<\/p>","protected":false},"author":1,"featured_media":0,"parent":0,"menu_order":0,"comment_status":"closed","ping_status":"closed","template":"","meta":[],"_links":{"self":[{"href":"https:\/\/lifeacademy.com.co\/en\/wp-json\/wp\/v2\/pages\/473"}],"collection":[{"href":"https:\/\/lifeacademy.com.co\/en\/wp-json\/wp\/v2\/pages"}],"about":[{"href":"https:\/\/lifeacademy.com.co\/en\/wp-json\/wp\/v2\/types\/page"}],"author":[{"embeddable":true,"href":"https:\/\/lifeacademy.com.co\/en\/wp-json\/wp\/v2\/users\/1"}],"replies":[{"embeddable":true,"href":"https:\/\/lifeacademy.com.co\/en\/wp-json\/wp\/v2\/comments?post=473"}],"version-history":[{"count":1,"href":"https:\/\/lifeacademy.com.co\/en\/wp-json\/wp\/v2\/pages\/473\/revisions"}],"predecessor-version":[{"id":474,"href":"https:\/\/lifeacademy.com.co\/en\/wp-json\/wp\/v2\/pages\/473\/revisions\/474"}],"wp:attachment":[{"href":"https:\/\/lifeacademy.com.co\/en\/wp-json\/wp\/v2\/media?parent=473"}],"curies":[{"name":"wp","href":"https:\/\/api.w.org\/{rel}","templated":true}]}}