{"id":617,"date":"2020-06-21T20:54:54","date_gmt":"2020-06-22T01:54:54","guid":{"rendered":"http:\/\/lifeacademy.com.co\/?page_id=617"},"modified":"2020-06-21T21:42:25","modified_gmt":"2020-06-22T02:42:25","slug":"convocatoria","status":"publish","type":"page","link":"https:\/\/lifeacademy.com.co\/en\/convocatoria\/","title":{"rendered":"Convocatoria"},"content":{"rendered":"<div data-elementor-type=\"wp-page\" data-elementor-id=\"617\" class=\"elementor elementor-617\" data-elementor-settings=\"[]\">\n\t\t\t\t\t\t<div class=\"elementor-inner\">\n\t\t\t\t\t\t\t<div class=\"elementor-section-wrap\">\n\t\t\t\t\t\t\t<section class=\"elementor-section elementor-top-section elementor-element elementor-element-52c0e00 elementor-section-boxed elementor-section-height-default elementor-section-height-default\" data-id=\"52c0e00\" data-element_type=\"section\">\n\t\t\t\t\t\t<div class=\"elementor-container elementor-column-gap-default\">\n\t\t\t\t\t\t\t<div class=\"elementor-row\">\n\t\t\t\t\t<div class=\"elementor-column elementor-col-100 elementor-top-column elementor-element elementor-element-32ae2eb\" data-id=\"32ae2eb\" data-element_type=\"column\">\n\t\t\t<div class=\"elementor-column-wrap elementor-element-populated\">\n\t\t\t\t\t\t\t<div class=\"elementor-widget-wrap\">\n\t\t\t\t\t\t<div class=\"elementor-element elementor-element-738cfd9 elementor-widget elementor-widget-heading\" data-id=\"738cfd9\" data-element_type=\"widget\" data-widget_type=\"heading.default\">\n\t\t\t\t<div class=\"elementor-widget-container\">\n\t\t\t<h1 class=\"elementor-heading-title elementor-size-default\">Convocatoria Reconocimiento Colegio del Liderazgo Juvenil de Caldas<\/h1>\t\t<\/div>\n\t\t\t\t<\/div>\n\t\t\t\t<div class=\"elementor-element elementor-element-d007d3b elementor-widget elementor-widget-text-editor\" data-id=\"d007d3b\" data-element_type=\"widget\" data-widget_type=\"text-editor.default\">\n\t\t\t\t<div class=\"elementor-widget-container\">\n\t\t\t\t\t\t\t\t<div class=\"elementor-text-editor elementor-clearfix\">\n\t\t\t\t\t<p>Este premio es otorgado por La consejer\u00eda presidencial para la juventud en el departamento de Caldas.<\/p><p>Los j\u00f3venes son <em>la mayor poblaci\u00f3n en Colombia: el 26,1%. De la poblaci\u00f3n se ubica entre los 14 y 18 a\u00f1os, y le siguen las personas entre 18 y 26 a\u00f1os, con un 16% entre 48 millones de colombianos. Es decir, que tienen la fuerza votante y la fuerza laboral para transformar las din\u00e1micas de sus territorios y contribuir a la consolidaci\u00f3n de una paz duradera. <\/em><\/p><p>Para ello, requerimos enfocarnos en potenciar las habilidades de liderazgo de los ni\u00f1os y j\u00f3venes a trav\u00e9s de las habilidades blandas necesarias del siglo XXI: que cubren: Liderazgo, comunicaci\u00f3n, trabajo en equipo, autoconocimiento, resiliencia, manejo del tiempo, red de soporte, entre otras. Habilidades que permiten que el ser humano se desarrolle y expanda sus capacidades.<\/p><p>Esta es una iniciativa de la Presidencia de la Rep\u00fablica, Programa Academia de Vida y Chec Grupo Epm para destacar los colegios que le apuestan responsablemente a estas habilidades. Queremos estudiantes felices, en constante aprendizaje y conscientes de quienes son para que tengan la posibilidad de elegir creer en su potencial.<\/p><p>Este premio llega para consolidar las Ciudades del aprendizaje de la ONU, que buscan un aprendizaje integral y no solo acad\u00e9mico desde las aulas de clase.<\/p><p><strong>\u00a0<\/strong><\/p><p><strong>PROGRAMA DE LIDERAZGO ACADEMIA DE VIDA<\/strong><\/p><p><strong>El programa Academia de Vida fue galardonado en el pa\u00eds con el Premio al Talento Joven de Colombia por el impacto comprobado que viene generando en los estudiantes caldenses. Academia de vida est\u00e1 generando espacios al interior de colegios durante la jornada escolar, para trabajar durante una hora con cada sal\u00f3n, el desarrollo de las habilidades blandas de j\u00f3venes desde 12 a 18 a\u00f1os.<\/strong><\/p><p><strong>Reconocimiento <\/strong><\/p><p>Al finalizar el primer cohorte de liderazgo, los colegios que cumplan con las bases de la convocatoria ser\u00e1n reconocidos como colegios del liderazgo juvenil por la Presidencia de la Rep\u00fablica. Este ser\u00eda el primero en su categor\u00eda en todo el eje cafetero, siendo pionero del liderazgo juvenil.<\/p><p><strong>Bases del Reconocimiento: <\/strong><\/p><p>El Reconocimiento se otorga al colegio si:<\/p><p>-El colegio consolida un equipo psicosocial de orientadores que apoye los resultados del programa (pueden ser profesionales de salud o de otras ramas que tengan un rol definido alrededor de la atenci\u00f3n de salud mental en el colegio)<\/p><p>-Se le brinda al programa un horario semanal establecido con los estudiantes y se respeta el horario.<\/p><p>-Se prioriza la salud mental de los estudiantes en las din\u00e1micas escolares<\/p><p>-Se trabaja en equipo con el programa Academia de Vida, generando dos actividades semestrales de concientizaci\u00f3n<\/p><p>-Se lleva un registro de los comportamientos sustancialmente importantes de los estudiantes que hacen parte del programa.<\/p><p>-Se llega al alcance de los objetivos propuestos al inicio de la intervenci\u00f3n en conjunto con el programa.<\/p>\t\t\t\t\t<\/div>\n\t\t\t\t\t\t<\/div>\n\t\t\t\t<\/div>\n\t\t\t\t\t\t<\/div>\n\t\t\t\t\t<\/div>\n\t\t<\/div>\n\t\t\t\t\t\t\t\t<\/div>\n\t\t\t\t\t<\/div>\n\t\t<\/section>\n\t\t\t\t<section class=\"elementor-section elementor-top-section elementor-element elementor-element-a078ed9 elementor-section-boxed elementor-section-height-default elementor-section-height-default\" data-id=\"a078ed9\" data-element_type=\"section\">\n\t\t\t\t\t\t<div class=\"elementor-container elementor-column-gap-default\">\n\t\t\t\t\t\t\t<div class=\"elementor-row\">\n\t\t\t\t\t<div class=\"elementor-column elementor-col-100 elementor-top-column elementor-element elementor-element-96d8d8e\" data-id=\"96d8d8e\" data-element_type=\"column\">\n\t\t\t<div class=\"elementor-column-wrap elementor-element-populated\">\n\t\t\t\t\t\t\t<div class=\"elementor-widget-wrap\">\n\t\t\t\t\t\t<div class=\"elementor-element elementor-element-63e578a elementor-widget-divider--view-line elementor-widget elementor-widget-divider\" data-id=\"63e578a\" data-element_type=\"widget\" data-widget_type=\"divider.default\">\n\t\t\t\t<div class=\"elementor-widget-container\">\n\t\t\t\t\t<div class=\"elementor-divider\">\n\t\t\t<span class=\"elementor-divider-separator\">\n\t\t\t\t\t\t<\/span>\n\t\t<\/div>\n\t\t\t\t<\/div>\n\t\t\t\t<\/div>\n\t\t\t\t\t\t<\/div>\n\t\t\t\t\t<\/div>\n\t\t<\/div>\n\t\t\t\t\t\t\t\t<\/div>\n\t\t\t\t\t<\/div>\n\t\t<\/section>\n\t\t\t\t<section class=\"elementor-section elementor-top-section elementor-element elementor-element-b03209a elementor-section-boxed elementor-section-height-default elementor-section-height-default\" data-id=\"b03209a\" data-element_type=\"section\">\n\t\t\t\t\t\t<div class=\"elementor-container elementor-column-gap-default\">\n\t\t\t\t\t\t\t<div class=\"elementor-row\">\n\t\t\t\t\t<div class=\"elementor-column elementor-col-50 elementor-top-column elementor-element elementor-element-c0881ed\" data-id=\"c0881ed\" data-element_type=\"column\">\n\t\t\t<div class=\"elementor-column-wrap elementor-element-populated\">\n\t\t\t\t\t\t\t<div class=\"elementor-widget-wrap\">\n\t\t\t\t\t\t<div class=\"elementor-element elementor-element-f65ed8f elementor-widget elementor-widget-heading\" data-id=\"f65ed8f\" data-element_type=\"widget\" data-widget_type=\"heading.default\">\n\t\t\t\t<div class=\"elementor-widget-container\">\n\t\t\t<h1 class=\"elementor-heading-title elementor-size-default\">Colegios Privados<\/h1>\t\t<\/div>\n\t\t\t\t<\/div>\n\t\t\t\t<div class=\"elementor-element elementor-element-e4c29e4 elementor-align-center elementor-invisible elementor-widget elementor-widget-button\" data-id=\"e4c29e4\" data-element_type=\"widget\" data-settings=\"{&quot;_animation&quot;:&quot;fadeInDown&quot;,&quot;_animation_mobile&quot;:&quot;fadeInDown&quot;,&quot;_animation_delay&quot;:500}\" data-widget_type=\"button.default\">\n\t\t\t\t<div class=\"elementor-widget-container\">\n\t\t\t\t\t<div class=\"elementor-button-wrapper\">\n\t\t\t<a href=\"#elementor-action%3Aaction%3Dpopup%3Aopen%26settings%3DeyJpZCI6IjYyOCIsInRvZ2dsZSI6ZmFsc2V9\" target=\"_blank\" class=\"elementor-button-link elementor-button elementor-size-xl elementor-animation-bob\" role=\"button\">\n\t\t\t\t\t\t<span class=\"elementor-button-content-wrapper\">\n\t\t\t\t\t\t<span class=\"elementor-button-text\">Requisitos<\/span>\n\t\t<\/span>\n\t\t\t\t\t<\/a>\n\t\t<\/div>\n\t\t\t\t<\/div>\n\t\t\t\t<\/div>\n\t\t\t\t\t\t<\/div>\n\t\t\t\t\t<\/div>\n\t\t<\/div>\n\t\t\t\t<div class=\"elementor-column elementor-col-50 elementor-top-column elementor-element elementor-element-95b8469\" data-id=\"95b8469\" data-element_type=\"column\">\n\t\t\t<div class=\"elementor-column-wrap elementor-element-populated\">\n\t\t\t\t\t\t\t<div class=\"elementor-widget-wrap\">\n\t\t\t\t\t\t<div class=\"elementor-element elementor-element-175dfcc elementor-widget elementor-widget-heading\" data-id=\"175dfcc\" data-element_type=\"widget\" data-widget_type=\"heading.default\">\n\t\t\t\t<div class=\"elementor-widget-container\">\n\t\t\t<h1 class=\"elementor-heading-title elementor-size-default\">Colegios P\u00fablicos<\/h1>\t\t<\/div>\n\t\t\t\t<\/div>\n\t\t\t\t<div class=\"elementor-element elementor-element-615d4bb elementor-align-center elementor-invisible elementor-widget elementor-widget-button\" data-id=\"615d4bb\" data-element_type=\"widget\" data-settings=\"{&quot;_animation&quot;:&quot;fadeInDown&quot;,&quot;_animation_mobile&quot;:&quot;fadeInDown&quot;,&quot;_animation_delay&quot;:500}\" data-widget_type=\"button.default\">\n\t\t\t\t<div class=\"elementor-widget-container\">\n\t\t\t\t\t<div class=\"elementor-button-wrapper\">\n\t\t\t<a class=\"elementor-button elementor-size-xl\" role=\"button\">\n\t\t\t\t\t\t<span class=\"elementor-button-content-wrapper\">\n\t\t\t\t\t\t<span class=\"elementor-button-text\">Cupos completos<\/span>\n\t\t<\/span>\n\t\t\t\t\t<\/a>\n\t\t<\/div>\n\t\t\t\t<\/div>\n\t\t\t\t<\/div>\n\t\t\t\t\t\t<\/div>\n\t\t\t\t\t<\/div>\n\t\t<\/div>\n\t\t\t\t\t\t\t\t<\/div>\n\t\t\t\t\t<\/div>\n\t\t<\/section>\n\t\t\t\t\t\t<\/div>\n\t\t\t\t\t\t<\/div>\n\t\t\t\t\t<\/div>","protected":false},"excerpt":{"rendered":"<p>Convocatoria Reconocimiento Colegio del Liderazgo Juvenil de Caldas Este premio es otorgado por La consejer\u00eda presidencial para la juventud en el departamento de Caldas. Los j\u00f3venes son la mayor poblaci\u00f3n en Colombia: el 26,1%. De la poblaci\u00f3n se ubica entre los 14 y 18 a\u00f1os, y le siguen las personas entre 18 y 26 a\u00f1os, [&hellip;]<\/p>","protected":false},"author":1,"featured_media":0,"parent":0,"menu_order":0,"comment_status":"closed","ping_status":"closed","template":"","meta":[],"_links":{"self":[{"href":"https:\/\/lifeacademy.com.co\/en\/wp-json\/wp\/v2\/pages\/617"}],"collection":[{"href":"https:\/\/lifeacademy.com.co\/en\/wp-json\/wp\/v2\/pages"}],"about":[{"href":"https:\/\/lifeacademy.com.co\/en\/wp-json\/wp\/v2\/types\/page"}],"author":[{"embeddable":true,"href":"https:\/\/lifeacademy.com.co\/en\/wp-json\/wp\/v2\/users\/1"}],"replies":[{"embeddable":true,"href":"https:\/\/lifeacademy.com.co\/en\/wp-json\/wp\/v2\/comments?post=617"}],"version-history":[{"count":13,"href":"https:\/\/lifeacademy.com.co\/en\/wp-json\/wp\/v2\/pages\/617\/revisions"}],"predecessor-version":[{"id":649,"href":"https:\/\/lifeacademy.com.co\/en\/wp-json\/wp\/v2\/pages\/617\/revisions\/649"}],"wp:attachment":[{"href":"https:\/\/lifeacademy.com.co\/en\/wp-json\/wp\/v2\/media?parent=617"}],"curies":[{"name":"wp","href":"https:\/\/api.w.org\/{rel}","templated":true}]}}