{"id":7638,"date":"2022-08-18T19:39:15","date_gmt":"2022-08-19T00:39:15","guid":{"rendered":"https:\/\/lifeacademy.com.co\/?page_id=7638"},"modified":"2022-08-19T15:40:24","modified_gmt":"2022-08-19T20:40:24","slug":"faqs","status":"publish","type":"page","link":"https:\/\/lifeacademy.com.co\/en\/faqs\/","title":{"rendered":"FAQs"},"content":{"rendered":"<div data-elementor-type=\"wp-page\" data-elementor-id=\"7638\" class=\"elementor elementor-7638\" data-elementor-settings=\"[]\">\n\t\t\t\t\t\t<div class=\"elementor-inner\">\n\t\t\t\t\t\t\t<div class=\"elementor-section-wrap\">\n\t\t\t\t\t\t\t<section class=\"elementor-section elementor-top-section elementor-element elementor-element-5119db1 elementor-section-boxed elementor-section-height-default elementor-section-height-default\" data-id=\"5119db1\" data-element_type=\"section\">\n\t\t\t\t\t\t<div class=\"elementor-container elementor-column-gap-default\">\n\t\t\t\t\t\t\t<div class=\"elementor-row\">\n\t\t\t\t\t<div class=\"elementor-column elementor-col-100 elementor-top-column elementor-element elementor-element-d616a2f\" data-id=\"d616a2f\" data-element_type=\"column\">\n\t\t\t<div class=\"elementor-column-wrap elementor-element-populated\">\n\t\t\t\t\t\t\t<div class=\"elementor-widget-wrap\">\n\t\t\t\t\t\t<div class=\"elementor-element elementor-element-9a15217 elementor-widget elementor-widget-heading\" data-id=\"9a15217\" data-element_type=\"widget\" data-widget_type=\"heading.default\">\n\t\t\t\t<div class=\"elementor-widget-container\">\n\t\t\t<h1 class=\"elementor-heading-title elementor-size-default\">Preguntas m\u00e1s frecuentes relacionadas al intento o ideaci\u00f3n suicida<\/h1>\t\t<\/div>\n\t\t\t\t<\/div>\n\t\t\t\t<div class=\"elementor-element elementor-element-39c9544 elementor-widget elementor-widget-text-editor\" data-id=\"39c9544\" data-element_type=\"widget\" data-widget_type=\"text-editor.default\">\n\t\t\t\t<div class=\"elementor-widget-container\">\n\t\t\t\t\t\t\t\t<div class=\"elementor-text-editor elementor-clearfix\">\n\t\t\t\t\t<p>A continuaci\u00f3n, encontraras una serie de preguntas, m\u00e1s frecuentes relacionadas al intento o ideaci\u00f3n suicida. Recuerda que si alguien en tu entorno social, familia, amigos, trabajo, comunidad, menciona que quiere suicidarse o que no quisiera vivir m\u00e1s, esto puede ser una altera para que tu y los tuyos, tomen acci\u00f3n. Escuchar a la otra persona, brindar apoyo y cercan\u00eda, siempre ser\u00e1 una buena opci\u00f3n sin embargo lo adecuado ser\u00e1 acudir a un centro de atenci\u00f3n especializado en Salud Mental, para que la persona tenga las herramientas necesarias para enfrentar la situaci\u00f3n.<\/p>\t\t\t\t\t<\/div>\n\t\t\t\t\t\t<\/div>\n\t\t\t\t<\/div>\n\t\t\t\t<div class=\"elementor-element elementor-element-af17bb0 elementor-widget elementor-widget-accordion\" data-id=\"af17bb0\" data-element_type=\"widget\" data-widget_type=\"accordion.default\">\n\t\t\t\t<div class=\"elementor-widget-container\">\n\t\t\t\t\t<div class=\"elementor-accordion\" role=\"tablist\">\n\t\t\t\t\t\t\t<div class=\"elementor-accordion-item\">\n\t\t\t\t\t<div id=\"elementor-tab-title-1831\" class=\"elementor-tab-title\" data-tab=\"1\" role=\"tab\" aria-controls=\"elementor-tab-content-1831\" aria-expanded=\"false\">\n\t\t\t\t\t\t\t\t\t\t\t\t\t<span class=\"elementor-accordion-icon elementor-accordion-icon-left\" aria-hidden=\"true\">\n\t\t\t\t\t\t\t\t\t\t\t\t\t\t\t<span class=\"elementor-accordion-icon-closed\"><i class=\"fas fa-plus\"><\/i><\/span>\n\t\t\t\t\t\t\t\t<span class=\"elementor-accordion-icon-opened\"><i class=\"fas fa-minus\"><\/i><\/span>\n\t\t\t\t\t\t\t\t\t\t\t\t\t\t<\/span>\n\t\t\t\t\t\t\t\t\t\t\t\t<a class=\"elementor-accordion-title\" href=\"\">\u00bfCu\u00e1ndo una persona entra en una depresi\u00f3n muy fuerte que debe  hacer?<\/a>\n\t\t\t\t\t<\/div>\n\t\t\t\t\t<div id=\"elementor-tab-content-1831\" class=\"elementor-tab-content elementor-clearfix\" data-tab=\"1\" role=\"tabpanel\" aria-labelledby=\"elementor-tab-title-1831\"><p>Buscar ayuda profesional de forma inmediata, pues una depresi\u00f3n puede ser causada por dificultad mental, una situaci\u00f3n adversa, un acontecimiento doloroso, pero tambi\u00e9n puede ser el resultado de una enfermedad f\u00edsica. Por otra parte, una depresi\u00f3n no suicida si no se le diagnostica oportunamente y se le trata adecuadamente puede evolucionar hacia una depresi\u00f3n suicida.<\/p><\/div>\n\t\t\t\t<\/div>\n\t\t\t\t\t\t\t<div class=\"elementor-accordion-item\">\n\t\t\t\t\t<div id=\"elementor-tab-title-1832\" class=\"elementor-tab-title\" data-tab=\"2\" role=\"tab\" aria-controls=\"elementor-tab-content-1832\" aria-expanded=\"false\">\n\t\t\t\t\t\t\t\t\t\t\t\t\t<span class=\"elementor-accordion-icon elementor-accordion-icon-left\" aria-hidden=\"true\">\n\t\t\t\t\t\t\t\t\t\t\t\t\t\t\t<span class=\"elementor-accordion-icon-closed\"><i class=\"fas fa-plus\"><\/i><\/span>\n\t\t\t\t\t\t\t\t<span class=\"elementor-accordion-icon-opened\"><i class=\"fas fa-minus\"><\/i><\/span>\n\t\t\t\t\t\t\t\t\t\t\t\t\t\t<\/span>\n\t\t\t\t\t\t\t\t\t\t\t\t<a class=\"elementor-accordion-title\" href=\"\">\u00bfQu\u00e9 s\u00edntomas se presentan en una persona con intenci\u00f3n suicida?<\/a>\n\t\t\t\t\t<\/div>\n\t\t\t\t\t<div id=\"elementor-tab-content-1832\" class=\"elementor-tab-content elementor-clearfix\" data-tab=\"2\" role=\"tabpanel\" aria-labelledby=\"elementor-tab-title-1832\"><p>No hay un s\u00edntoma \u00fanico ni caracter\u00edstico en las personas que vayan a cometer suicidio, pero se hacen evidentes una serie de manifestaciones que pueden ser englobadas en la palabra CAMBIOS. Se presentan cambios en las emociones, en los pensamientos, en los h\u00e1bitos y en el comportamiento de las personas que hacen pensar en la ocurrencia de este tipo de acto. Entre estos cambios se mencionan la tristeza, la ideaci\u00f3n suicida, la planificaci\u00f3n del suicidio, la amenaza suicida, el escribir notas de despedida, la entrega de posesiones valiosas, el\u00a0 aislamiento, el incremento del consumo de alcohol, drogas u otras sustancias adict\u00edvas, los trastornos del sue\u00f1o y el apetito, por s\u00f3lo mencionar algunos.<\/p><\/div>\n\t\t\t\t<\/div>\n\t\t\t\t\t\t\t<div class=\"elementor-accordion-item\">\n\t\t\t\t\t<div id=\"elementor-tab-title-1833\" class=\"elementor-tab-title\" data-tab=\"3\" role=\"tab\" aria-controls=\"elementor-tab-content-1833\" aria-expanded=\"false\">\n\t\t\t\t\t\t\t\t\t\t\t\t\t<span class=\"elementor-accordion-icon elementor-accordion-icon-left\" aria-hidden=\"true\">\n\t\t\t\t\t\t\t\t\t\t\t\t\t\t\t<span class=\"elementor-accordion-icon-closed\"><i class=\"fas fa-plus\"><\/i><\/span>\n\t\t\t\t\t\t\t\t<span class=\"elementor-accordion-icon-opened\"><i class=\"fas fa-minus\"><\/i><\/span>\n\t\t\t\t\t\t\t\t\t\t\t\t\t\t<\/span>\n\t\t\t\t\t\t\t\t\t\t\t\t<a class=\"elementor-accordion-title\" href=\"\">Si un amigo se quiere suicidar por problemas con su familia \u00bfQu\u00e9 se puede hacer?<\/a>\n\t\t\t\t\t<\/div>\n\t\t\t\t\t<div id=\"elementor-tab-content-1833\" class=\"elementor-tab-content elementor-clearfix\" data-tab=\"3\" role=\"tabpanel\" aria-labelledby=\"elementor-tab-title-1833\"><p>Lo primero es informar a un familiar que pueda apoyar al amigo. Adem\u00e1s, debes informarlo a tus padres para que ellos te ayuden y puedan ayudarlo a \u00e9l. Lo ideal ser\u00eda consultar su situaci\u00f3n con un terapeuta, pero puedes evitar que tu amigo se suicide si no lo dejas a solas ni le dejas a su alcance ning\u00fan medio por el cual pueda da\u00f1arse.<\/p><\/div>\n\t\t\t\t<\/div>\n\t\t\t\t\t\t\t<div class=\"elementor-accordion-item\">\n\t\t\t\t\t<div id=\"elementor-tab-title-1834\" class=\"elementor-tab-title\" data-tab=\"4\" role=\"tab\" aria-controls=\"elementor-tab-content-1834\" aria-expanded=\"false\">\n\t\t\t\t\t\t\t\t\t\t\t\t\t<span class=\"elementor-accordion-icon elementor-accordion-icon-left\" aria-hidden=\"true\">\n\t\t\t\t\t\t\t\t\t\t\t\t\t\t\t<span class=\"elementor-accordion-icon-closed\"><i class=\"fas fa-plus\"><\/i><\/span>\n\t\t\t\t\t\t\t\t<span class=\"elementor-accordion-icon-opened\"><i class=\"fas fa-minus\"><\/i><\/span>\n\t\t\t\t\t\t\t\t\t\t\t\t\t\t<\/span>\n\t\t\t\t\t\t\t\t\t\t\t\t<a class=\"elementor-accordion-title\" href=\"\">\u00bfC\u00f3mo puedo auxiliar a una persona que trata de suicidarse?<\/a>\n\t\t\t\t\t<\/div>\n\t\t\t\t\t<div id=\"elementor-tab-content-1834\" class=\"elementor-tab-content elementor-clearfix\" data-tab=\"4\" role=\"tabpanel\" aria-labelledby=\"elementor-tab-title-1834\"><p>Una buena opci\u00f3n es preguntarle sobre su idea de suicidio, siguiendo la siguiente secuencia: \u00bfC\u00f3mo, \u00bfcu\u00e1ndo, \u00bfd\u00f3nde, por qu\u00e9, para qu\u00e9 desea suicidarse? Mientras mayor cantidad de preguntas sean respondidas por tu amigo mayor es su riesgo suicida y debes buscar ayuda especializada (psiquiatra) cuanto antes.<\/p><\/div>\n\t\t\t\t<\/div>\n\t\t\t\t\t\t\t<div class=\"elementor-accordion-item\">\n\t\t\t\t\t<div id=\"elementor-tab-title-1835\" class=\"elementor-tab-title\" data-tab=\"5\" role=\"tab\" aria-controls=\"elementor-tab-content-1835\" aria-expanded=\"false\">\n\t\t\t\t\t\t\t\t\t\t\t\t\t<span class=\"elementor-accordion-icon elementor-accordion-icon-left\" aria-hidden=\"true\">\n\t\t\t\t\t\t\t\t\t\t\t\t\t\t\t<span class=\"elementor-accordion-icon-closed\"><i class=\"fas fa-plus\"><\/i><\/span>\n\t\t\t\t\t\t\t\t<span class=\"elementor-accordion-icon-opened\"><i class=\"fas fa-minus\"><\/i><\/span>\n\t\t\t\t\t\t\t\t\t\t\t\t\t\t<\/span>\n\t\t\t\t\t\t\t\t\t\t\t\t<a class=\"elementor-accordion-title\" href=\"\">\u00bfQu\u00e9 medidas de prevenci\u00f3n podemos hacer cuando ocurre un suicidio en la familia?<\/a>\n\t\t\t\t\t<\/div>\n\t\t\t\t\t<div id=\"elementor-tab-content-1835\" class=\"elementor-tab-content elementor-clearfix\" data-tab=\"5\" role=\"tabpanel\" aria-labelledby=\"elementor-tab-title-1835\"><p>Lo primero que hay que conocer son las caracter\u00edsticas del duelo por un suicida y saber que algunos de los familiares pueden tener ideas suicidas y tambi\u00e9n sentimientos de culpa, por lo que deben recibir ayuda de un tanat\u00f3logo o suicid\u00f3logo, psiquiatra o psic\u00f3logo para lograr una resoluci\u00f3n adecuada de este tipo de duelo.<\/p><\/div>\n\t\t\t\t<\/div>\n\t\t\t\t\t\t\t<div class=\"elementor-accordion-item\">\n\t\t\t\t\t<div id=\"elementor-tab-title-1836\" class=\"elementor-tab-title\" data-tab=\"6\" role=\"tab\" aria-controls=\"elementor-tab-content-1836\" aria-expanded=\"false\">\n\t\t\t\t\t\t\t\t\t\t\t\t\t<span class=\"elementor-accordion-icon elementor-accordion-icon-left\" aria-hidden=\"true\">\n\t\t\t\t\t\t\t\t\t\t\t\t\t\t\t<span class=\"elementor-accordion-icon-closed\"><i class=\"fas fa-plus\"><\/i><\/span>\n\t\t\t\t\t\t\t\t<span class=\"elementor-accordion-icon-opened\"><i class=\"fas fa-minus\"><\/i><\/span>\n\t\t\t\t\t\t\t\t\t\t\t\t\t\t<\/span>\n\t\t\t\t\t\t\t\t\t\t\t\t<a class=\"elementor-accordion-title\" href=\"\">\u00bfS\u00f3lo las personas con depresi\u00f3n se suicidan?<\/a>\n\t\t\t\t\t<\/div>\n\t\t\t\t\t<div id=\"elementor-tab-content-1836\" class=\"elementor-tab-content elementor-clearfix\" data-tab=\"6\" role=\"tabpanel\" aria-labelledby=\"elementor-tab-title-1836\"><p>Aunque las personas con depresi\u00f3n constituyen un importante grupo con riesgo de suicidio, no son los \u00fanicos que cometen suicidio, pues tambi\u00e9n pueden padecer de esquizofrenia, alcoholismo, trastorno de ansiedad, trastorno disocial o l\u00edmite de la personalidad, por mencionar algunos.<\/p><\/div>\n\t\t\t\t<\/div>\n\t\t\t\t\t\t\t<div class=\"elementor-accordion-item\">\n\t\t\t\t\t<div id=\"elementor-tab-title-1837\" class=\"elementor-tab-title\" data-tab=\"7\" role=\"tab\" aria-controls=\"elementor-tab-content-1837\" aria-expanded=\"false\">\n\t\t\t\t\t\t\t\t\t\t\t\t\t<span class=\"elementor-accordion-icon elementor-accordion-icon-left\" aria-hidden=\"true\">\n\t\t\t\t\t\t\t\t\t\t\t\t\t\t\t<span class=\"elementor-accordion-icon-closed\"><i class=\"fas fa-plus\"><\/i><\/span>\n\t\t\t\t\t\t\t\t<span class=\"elementor-accordion-icon-opened\"><i class=\"fas fa-minus\"><\/i><\/span>\n\t\t\t\t\t\t\t\t\t\t\t\t\t\t<\/span>\n\t\t\t\t\t\t\t\t\t\t\t\t<a class=\"elementor-accordion-title\" href=\"\">\u00bfC\u00f3mo uno puede saber si alguien se quiere suicidar? \u00bfQu\u00e9 puedo hacer para ayudarlo?<\/a>\n\t\t\t\t\t<\/div>\n\t\t\t\t\t<div id=\"elementor-tab-content-1837\" class=\"elementor-tab-content elementor-clearfix\" data-tab=\"7\" role=\"tabpanel\" aria-labelledby=\"elementor-tab-title-1837\"><p>Para saber si alguien se quiere suicidar lo que hay que hacer es preguntarlo y si la respuesta es afirmativa, no debe dejarse a solas, debe evitarse que tenga acceso a cualquier m\u00e9todo mediante el cual pueda da\u00f1arse, debe avisar a personas significativas sobre estas intenciones y tratar de acercarlo a las fuentes que brindan salud mental.<\/p><\/div>\n\t\t\t\t<\/div>\n\t\t\t\t\t\t\t<div class=\"elementor-accordion-item\">\n\t\t\t\t\t<div id=\"elementor-tab-title-1838\" class=\"elementor-tab-title\" data-tab=\"8\" role=\"tab\" aria-controls=\"elementor-tab-content-1838\" aria-expanded=\"false\">\n\t\t\t\t\t\t\t\t\t\t\t\t\t<span class=\"elementor-accordion-icon elementor-accordion-icon-left\" aria-hidden=\"true\">\n\t\t\t\t\t\t\t\t\t\t\t\t\t\t\t<span class=\"elementor-accordion-icon-closed\"><i class=\"fas fa-plus\"><\/i><\/span>\n\t\t\t\t\t\t\t\t<span class=\"elementor-accordion-icon-opened\"><i class=\"fas fa-minus\"><\/i><\/span>\n\t\t\t\t\t\t\t\t\t\t\t\t\t\t<\/span>\n\t\t\t\t\t\t\t\t\t\t\t\t<a class=\"elementor-accordion-title\" href=\"\">\u00bfPor qu\u00e9 los padres son los \u00faltimos en darse cuenta del deseo de suicidio de sus hijos si son los que m\u00e1s cerca est\u00e1n de ellos?<\/a>\n\t\t\t\t\t<\/div>\n\t\t\t\t\t<div id=\"elementor-tab-content-1838\" class=\"elementor-tab-content elementor-clearfix\" data-tab=\"8\" role=\"tabpanel\" aria-labelledby=\"elementor-tab-title-1838\"><p>Detectar a un suicida es una tarea dif\u00edcil, incluso para los psiquiatras y los suicid\u00f3logos m\u00e1s expertos, y los padres y las madres no lo son. Pero por otra parte, en ocasiones los cambios son sutiles y ellos no los perciben por estar continuamente con el presunto suicida. Otras veces influyen otras razones como la falta de comunicaci\u00f3n entre padres e hijos, las malas relaciones entre ellos, no tomar con seriedad las llamadas de auxilio o las amenazas suicidas.<\/p><\/div>\n\t\t\t\t<\/div>\n\t\t\t\t\t\t\t<div class=\"elementor-accordion-item\">\n\t\t\t\t\t<div id=\"elementor-tab-title-1839\" class=\"elementor-tab-title\" data-tab=\"9\" role=\"tab\" aria-controls=\"elementor-tab-content-1839\" aria-expanded=\"false\">\n\t\t\t\t\t\t\t\t\t\t\t\t\t<span class=\"elementor-accordion-icon elementor-accordion-icon-left\" aria-hidden=\"true\">\n\t\t\t\t\t\t\t\t\t\t\t\t\t\t\t<span class=\"elementor-accordion-icon-closed\"><i class=\"fas fa-plus\"><\/i><\/span>\n\t\t\t\t\t\t\t\t<span class=\"elementor-accordion-icon-opened\"><i class=\"fas fa-minus\"><\/i><\/span>\n\t\t\t\t\t\t\t\t\t\t\t\t\t\t<\/span>\n\t\t\t\t\t\t\t\t\t\t\t\t<a class=\"elementor-accordion-title\" href=\"\">\u00bfUn suicidio puede ser la expresi\u00f3n de una falta de comunicaci\u00f3n del adolescente con sus padres?<\/a>\n\t\t\t\t\t<\/div>\n\t\t\t\t\t<div id=\"elementor-tab-content-1839\" class=\"elementor-tab-content elementor-clearfix\" data-tab=\"9\" role=\"tabpanel\" aria-labelledby=\"elementor-tab-title-1839\"><p>El suicidio es una forma an\u00f3mala de comunicar que algo no andaba bien, lo que no siempre es posible detectar oportunamente por personas no entrenadas en la detecci\u00f3n del riesgo de suicidio.<\/p><\/div>\n\t\t\t\t<\/div>\n\t\t\t\t\t\t\t<div class=\"elementor-accordion-item\">\n\t\t\t\t\t<div id=\"elementor-tab-title-18310\" class=\"elementor-tab-title\" data-tab=\"10\" role=\"tab\" aria-controls=\"elementor-tab-content-18310\" aria-expanded=\"false\">\n\t\t\t\t\t\t\t\t\t\t\t\t\t<span class=\"elementor-accordion-icon elementor-accordion-icon-left\" aria-hidden=\"true\">\n\t\t\t\t\t\t\t\t\t\t\t\t\t\t\t<span class=\"elementor-accordion-icon-closed\"><i class=\"fas fa-plus\"><\/i><\/span>\n\t\t\t\t\t\t\t\t<span class=\"elementor-accordion-icon-opened\"><i class=\"fas fa-minus\"><\/i><\/span>\n\t\t\t\t\t\t\t\t\t\t\t\t\t\t<\/span>\n\t\t\t\t\t\t\t\t\t\t\t\t<a class=\"elementor-accordion-title\" href=\"\">\u00bfC\u00f3mo se puede ayudar a una persona que se quiere suicidar?<\/a>\n\t\t\t\t\t<\/div>\n\t\t\t\t\t<div id=\"elementor-tab-content-18310\" class=\"elementor-tab-content elementor-clearfix\" data-tab=\"10\" role=\"tabpanel\" aria-labelledby=\"elementor-tab-title-18310\"><p>Interes\u00e1ndonos \u00a0por \u00a0conocer \u00a0su \u00a0ideaci\u00f3n \u00a0suicida, \u00a0no \u00a0dejarlo \u00a0solo, evitar que tenga acceso a los m\u00e9todos suicidas, avisar a sus seres queridos y llevarlo a consulta con un especialista.<\/p><\/div>\n\t\t\t\t<\/div>\n\t\t\t\t\t\t\t<div class=\"elementor-accordion-item\">\n\t\t\t\t\t<div id=\"elementor-tab-title-18311\" class=\"elementor-tab-title\" data-tab=\"11\" role=\"tab\" aria-controls=\"elementor-tab-content-18311\" aria-expanded=\"false\">\n\t\t\t\t\t\t\t\t\t\t\t\t\t<span class=\"elementor-accordion-icon elementor-accordion-icon-left\" aria-hidden=\"true\">\n\t\t\t\t\t\t\t\t\t\t\t\t\t\t\t<span class=\"elementor-accordion-icon-closed\"><i class=\"fas fa-plus\"><\/i><\/span>\n\t\t\t\t\t\t\t\t<span class=\"elementor-accordion-icon-opened\"><i class=\"fas fa-minus\"><\/i><\/span>\n\t\t\t\t\t\t\t\t\t\t\t\t\t\t<\/span>\n\t\t\t\t\t\t\t\t\t\t\t\t<a class=\"elementor-accordion-title\" href=\"\">\u00bfC\u00f3mo puedo ayudar a una persona en crisis?<\/a>\n\t\t\t\t\t<\/div>\n\t\t\t\t\t<div id=\"elementor-tab-content-18311\" class=\"elementor-tab-content elementor-clearfix\" data-tab=\"11\" role=\"tabpanel\" aria-labelledby=\"elementor-tab-title-18311\"><p>Para ayudar a una persona en crisis lo primero que hay que hacer es establecer contacto, es decir, acercarnos a ella para que nos conf\u00ede sus problemas, sus sufrimientos, permitiendo que se exprese con libertad, no juzgarlo ni contarle nuestras experiencias. Simplemente escucharlo con genuino inter\u00e9s y hacerle preguntas abiertas para conocer m\u00e1s profundamente que es lo que est\u00e1 pensando lo que nos permitir\u00e1 ayudarlo mejor. No olvide de explorar siempre si ha pensado en el suicidio durante la crisis y si lo ha pensado, debe conocer cuan planificada ha sido esa idea para dirigirlo a los servicios de salud mental a la mayor brevedad posible.<\/p><\/div>\n\t\t\t\t<\/div>\n\t\t\t\t\t\t\t<div class=\"elementor-accordion-item\">\n\t\t\t\t\t<div id=\"elementor-tab-title-18312\" class=\"elementor-tab-title\" data-tab=\"12\" role=\"tab\" aria-controls=\"elementor-tab-content-18312\" aria-expanded=\"false\">\n\t\t\t\t\t\t\t\t\t\t\t\t\t<span class=\"elementor-accordion-icon elementor-accordion-icon-left\" aria-hidden=\"true\">\n\t\t\t\t\t\t\t\t\t\t\t\t\t\t\t<span class=\"elementor-accordion-icon-closed\"><i class=\"fas fa-plus\"><\/i><\/span>\n\t\t\t\t\t\t\t\t<span class=\"elementor-accordion-icon-opened\"><i class=\"fas fa-minus\"><\/i><\/span>\n\t\t\t\t\t\t\t\t\t\t\t\t\t\t<\/span>\n\t\t\t\t\t\t\t\t\t\t\t\t<a class=\"elementor-accordion-title\" href=\"\">\u00bfC\u00f3mo se le puede ayudar a una amiga\/o que desea suicidarse? <\/a>\n\t\t\t\t\t<\/div>\n\t\t\t\t\t<div id=\"elementor-tab-content-18312\" class=\"elementor-tab-content elementor-clearfix\" data-tab=\"12\" role=\"tabpanel\" aria-labelledby=\"elementor-tab-title-18312\"><p>No es una p\u00e9rdida de espacio reiterar que debe hacerse en estos casos \u00a0y se puede resumir en cinco pasos:<\/p><ul><li>Primero: Preguntar sobre la idea suicida para determinar si la tiene bien planificada lo que incrementa el riesgo de suicidio.<\/li><li>Segundo: Evitar que tenga acceso a los m\u00e9todos mediante los que se puede lesionar.<\/li><li>Tercero: No dejarlo solo.<\/li><li>Cuarto: Avisar a figuras significativas para el suicida en potencia como los\u00a0 familiares, amigos, maestros, etc.<\/li><li>Quinto: Acercarlo en el m\u00e1s breve tiempo posible a las fuentes de salud mental (psiquiatra, psic\u00f3logo, terapeuta, etc.)<\/li><\/ul><\/div>\n\t\t\t\t<\/div>\n\t\t\t\t\t\t\t<div class=\"elementor-accordion-item\">\n\t\t\t\t\t<div id=\"elementor-tab-title-18313\" class=\"elementor-tab-title\" data-tab=\"13\" role=\"tab\" aria-controls=\"elementor-tab-content-18313\" aria-expanded=\"false\">\n\t\t\t\t\t\t\t\t\t\t\t\t\t<span class=\"elementor-accordion-icon elementor-accordion-icon-left\" aria-hidden=\"true\">\n\t\t\t\t\t\t\t\t\t\t\t\t\t\t\t<span class=\"elementor-accordion-icon-closed\"><i class=\"fas fa-plus\"><\/i><\/span>\n\t\t\t\t\t\t\t\t<span class=\"elementor-accordion-icon-opened\"><i class=\"fas fa-minus\"><\/i><\/span>\n\t\t\t\t\t\t\t\t\t\t\t\t\t\t<\/span>\n\t\t\t\t\t\t\t\t\t\t\t\t<a class=\"elementor-accordion-title\" href=\"\">\u00bfDebo decir que yo intent\u00e9 el suicidio?<\/a>\n\t\t\t\t\t<\/div>\n\t\t\t\t\t<div id=\"elementor-tab-content-18313\" class=\"elementor-tab-content elementor-clearfix\" data-tab=\"13\" role=\"tabpanel\" aria-labelledby=\"elementor-tab-title-18313\"><p>Siempre debemos reconocernos tal y cual somos. Si intentaste contra tu vida, eso es una realidad y es parte de tu biograf\u00eda. Claro est\u00e1, no hay que decirlo a los cuatro vientos, para que sea del dominio de todos los habitantes de la ciudad. Pero hay personas a las que no debemos negar este antecedente como son tus pap\u00e1s si no lo supieran a\u00fan, tu pareja, tu m\u00e9dico, tu confesor, etc. Por \u00faltimo, independientemente de estas sugerencias, tienes la libertad de decidir a quienes har\u00e1s participe y a quienes no de tu vida privada.<\/p><\/div>\n\t\t\t\t<\/div>\n\t\t\t\t\t\t\t\t<\/div>\n\t\t\t\t<\/div>\n\t\t\t\t<\/div>\n\t\t\t\t\t\t<\/div>\n\t\t\t\t\t<\/div>\n\t\t<\/div>\n\t\t\t\t\t\t\t\t<\/div>\n\t\t\t\t\t<\/div>\n\t\t<\/section>\n\t\t\t\t\t\t<\/div>\n\t\t\t\t\t\t<\/div>\n\t\t\t\t\t<\/div>","protected":false},"excerpt":{"rendered":"<p>Preguntas m\u00e1s frecuentes relacionadas al intento o ideaci\u00f3n suicida A continuaci\u00f3n, encontraras una serie de preguntas, m\u00e1s frecuentes relacionadas al intento o ideaci\u00f3n suicida. Recuerda que si alguien en tu entorno social, familia, amigos, trabajo, comunidad, menciona que quiere suicidarse o que no quisiera vivir m\u00e1s, esto puede ser una altera para que tu y [&hellip;]<\/p>","protected":false},"author":1,"featured_media":0,"parent":0,"menu_order":0,"comment_status":"closed","ping_status":"closed","template":"","meta":[],"_links":{"self":[{"href":"https:\/\/lifeacademy.com.co\/en\/wp-json\/wp\/v2\/pages\/7638"}],"collection":[{"href":"https:\/\/lifeacademy.com.co\/en\/wp-json\/wp\/v2\/pages"}],"about":[{"href":"https:\/\/lifeacademy.com.co\/en\/wp-json\/wp\/v2\/types\/page"}],"author":[{"embeddable":true,"href":"https:\/\/lifeacademy.com.co\/en\/wp-json\/wp\/v2\/users\/1"}],"replies":[{"embeddable":true,"href":"https:\/\/lifeacademy.com.co\/en\/wp-json\/wp\/v2\/comments?post=7638"}],"version-history":[{"count":14,"href":"https:\/\/lifeacademy.com.co\/en\/wp-json\/wp\/v2\/pages\/7638\/revisions"}],"predecessor-version":[{"id":7655,"href":"https:\/\/lifeacademy.com.co\/en\/wp-json\/wp\/v2\/pages\/7638\/revisions\/7655"}],"wp:attachment":[{"href":"https:\/\/lifeacademy.com.co\/en\/wp-json\/wp\/v2\/media?parent=7638"}],"curies":[{"name":"wp","href":"https:\/\/api.w.org\/{rel}","templated":true}]}}